{"id":42091,"date":"2018-07-25T09:52:28","date_gmt":"2018-07-25T07:52:28","guid":{"rendered":"https:\/\/www.business-institute.sk\/aktualne-vzdelavacie-kurzy\/"},"modified":"2025-07-29T10:58:11","modified_gmt":"2025-07-29T08:58:11","slug":"open-courses","status":"publish","type":"page","link":"https:\/\/www.business-institute.sk\/en\/open-courses\/","title":{"rendered":"Open courses"},"content":{"rendered":"","protected":false},"excerpt":{"rendered":"","protected":false},"author":1,"featured_media":0,"parent":0,"menu_order":25,"comment_status":"closed","ping_status":"closed","template":"templates\/template-skolenia.php","meta":{"_acf_changed":false,"footnotes":""},"class_list":["post-42091","page","type-page","status-publish","hentry"],"yoast_head":"<!-- This site is optimized with the Yoast SEO plugin v27.2 - https:\/\/yoast.com\/product\/yoast-seo-wordpress\/ -->\n<title>Aktu\u00e1lne vzdel\u00e1vacie kurzy - KPMG Business Institute<\/title>\n<meta name=\"description\" content=\"V na\u0161ich vzdel\u00e1vac\u00edch kurzoch vyu\u017e\u00edvame znalosti odborn\u00edkov. Z\u00edskajte rozsiahle vedomosti, podporte svoj profesion\u00e1lny rast a vyberte si z ponuky \u0161kolen\u00ed, ktor\u00e9 pokr\u00fdvaj\u00fa t\u00e9my finan\u010dn\u00e9ho a mana\u017e\u00e9rskeho \u00fa\u010dtovn\u00edctva a mnoh\u00e9 \u010fal\u0161ie.\" \/>\n<meta name=\"robots\" content=\"index, follow, max-snippet:-1, max-image-preview:large, max-video-preview:-1\" \/>\n<link rel=\"canonical\" href=\"https:\/\/www.business-institute.sk\/en\/open-courses\/\" \/>\n<meta property=\"og:locale\" content=\"en_US\" \/>\n<meta property=\"og:type\" content=\"article\" \/>\n<meta property=\"og:title\" content=\"Aktu\u00e1lne vzdel\u00e1vacie kurzy - KPMG Business Institute\" \/>\n<meta property=\"og:description\" content=\"V na\u0161ich vzdel\u00e1vac\u00edch kurzoch vyu\u017e\u00edvame znalosti odborn\u00edkov. Z\u00edskajte rozsiahle vedomosti, podporte svoj profesion\u00e1lny rast a vyberte si z ponuky \u0161kolen\u00ed, ktor\u00e9 pokr\u00fdvaj\u00fa t\u00e9my finan\u010dn\u00e9ho a mana\u017e\u00e9rskeho \u00fa\u010dtovn\u00edctva a mnoh\u00e9 \u010fal\u0161ie.\" \/>\n<meta property=\"og:url\" content=\"https:\/\/www.business-institute.sk\/en\/open-courses\/\" \/>\n<meta property=\"og:site_name\" content=\"Business Institute\" \/>\n<meta property=\"article:publisher\" content=\"https:\/\/www.facebook.com\/kpmgsk\/\" \/>\n<meta property=\"article:modified_time\" content=\"2025-07-29T08:58:11+00:00\" \/>\n<meta property=\"og:image\" content=\"https:\/\/www.business-institute.sk\/wp-content\/uploads\/2023\/03\/kpmg-shareimage.png\" \/>\n\t<meta property=\"og:image:width\" content=\"1200\" \/>\n\t<meta property=\"og:image:height\" content=\"628\" \/>\n\t<meta property=\"og:image:type\" content=\"image\/png\" \/>\n<meta name=\"twitter:card\" content=\"summary_large_image\" \/>\n<meta name=\"twitter:title\" content=\"Aktu\u00e1lne vzdel\u00e1vacie kurzy - KPMG Business Institute\" \/>\n<meta name=\"twitter:description\" content=\"V na\u0161ich vzdel\u00e1vac\u00edch kurzoch vyu\u017e\u00edvame znalosti odborn\u00edkov. Z\u00edskajte rozsiahle vedomosti, podporte svoj profesion\u00e1lny rast a vyberte si z ponuky \u0161kolen\u00ed, ktor\u00e9 pokr\u00fdvaj\u00fa t\u00e9my finan\u010dn\u00e9ho a mana\u017e\u00e9rskeho \u00fa\u010dtovn\u00edctva a mnoh\u00e9 \u010fal\u0161ie.\" \/>\n<script type=\"application\/ld+json\" class=\"yoast-schema-graph\">{\"@context\":\"https:\/\/schema.org\",\"@graph\":[{\"@type\":\"WebPage\",\"@id\":\"https:\/\/www.business-institute.sk\/en\/open-courses\/\",\"url\":\"https:\/\/www.business-institute.sk\/en\/open-courses\/\",\"name\":\"Aktu\u00e1lne vzdel\u00e1vacie kurzy - KPMG Business Institute\",\"isPartOf\":{\"@id\":\"https:\/\/www.business-institute.sk\/#website\"},\"datePublished\":\"2018-07-25T07:52:28+00:00\",\"dateModified\":\"2025-07-29T08:58:11+00:00\",\"description\":\"V na\u0161ich vzdel\u00e1vac\u00edch kurzoch vyu\u017e\u00edvame znalosti odborn\u00edkov. Z\u00edskajte rozsiahle vedomosti, podporte svoj profesion\u00e1lny rast a vyberte si z ponuky \u0161kolen\u00ed, ktor\u00e9 pokr\u00fdvaj\u00fa t\u00e9my finan\u010dn\u00e9ho a mana\u017e\u00e9rskeho \u00fa\u010dtovn\u00edctva a mnoh\u00e9 \u010fal\u0161ie.\",\"breadcrumb\":{\"@id\":\"https:\/\/www.business-institute.sk\/en\/open-courses\/#breadcrumb\"},\"inLanguage\":\"en-US\",\"potentialAction\":[{\"@type\":\"ReadAction\",\"target\":[\"https:\/\/www.business-institute.sk\/en\/open-courses\/\"]}]},{\"@type\":\"BreadcrumbList\",\"@id\":\"https:\/\/www.business-institute.sk\/en\/open-courses\/#breadcrumb\",\"itemListElement\":[{\"@type\":\"ListItem\",\"position\":1,\"name\":\"Business Institute\",\"item\":\"https:\/\/www.business-institute.sk\/en\/\"},{\"@type\":\"ListItem\",\"position\":2,\"name\":\"Open courses\"}]},{\"@type\":\"WebSite\",\"@id\":\"https:\/\/www.business-institute.sk\/#website\",\"url\":\"https:\/\/www.business-institute.sk\/\",\"name\":\"Business Institute\",\"description\":\"\",\"publisher\":{\"@id\":\"https:\/\/www.business-institute.sk\/#organization\"},\"potentialAction\":[{\"@type\":\"SearchAction\",\"target\":{\"@type\":\"EntryPoint\",\"urlTemplate\":\"https:\/\/www.business-institute.sk\/?s={search_term_string}\"},\"query-input\":{\"@type\":\"PropertyValueSpecification\",\"valueRequired\":true,\"valueName\":\"search_term_string\"}}],\"inLanguage\":\"en-US\"},{\"@type\":\"Organization\",\"@id\":\"https:\/\/www.business-institute.sk\/#organization\",\"name\":\"KPMG Slovensko Advisory, k.s.\",\"url\":\"https:\/\/www.business-institute.sk\/\",\"logo\":{\"@type\":\"ImageObject\",\"inLanguage\":\"en-US\",\"@id\":\"https:\/\/www.business-institute.sk\/#\/schema\/logo\/image\/\",\"url\":\"https:\/\/www.business-institute.sk\/wp-content\/uploads\/2018\/08\/1111kpmg-logo-color-copy.jpg\",\"contentUrl\":\"https:\/\/www.business-institute.sk\/wp-content\/uploads\/2018\/08\/1111kpmg-logo-color-copy.jpg\",\"width\":413,\"height\":541,\"caption\":\"KPMG Slovensko Advisory, k.s.\"},\"image\":{\"@id\":\"https:\/\/www.business-institute.sk\/#\/schema\/logo\/image\/\"},\"sameAs\":[\"https:\/\/www.facebook.com\/kpmgsk\/\",\"https:\/\/www.linkedin.com\/company\/kpmg-in-slovakia\/\",\"https:\/\/www.instagram.com\/kpmg_sk\/?hl=sk\"]}]}<\/script>\n<!-- \/ Yoast SEO plugin. -->","yoast_head_json":{"title":"Aktu\u00e1lne vzdel\u00e1vacie kurzy - KPMG Business Institute","description":"V na\u0161ich vzdel\u00e1vac\u00edch kurzoch vyu\u017e\u00edvame znalosti odborn\u00edkov. Z\u00edskajte rozsiahle vedomosti, podporte svoj profesion\u00e1lny rast a vyberte si z ponuky \u0161kolen\u00ed, ktor\u00e9 pokr\u00fdvaj\u00fa t\u00e9my finan\u010dn\u00e9ho a mana\u017e\u00e9rskeho \u00fa\u010dtovn\u00edctva a mnoh\u00e9 \u010fal\u0161ie.","robots":{"index":"index","follow":"follow","max-snippet":"max-snippet:-1","max-image-preview":"max-image-preview:large","max-video-preview":"max-video-preview:-1"},"canonical":"https:\/\/www.business-institute.sk\/en\/open-courses\/","og_locale":"en_US","og_type":"article","og_title":"Aktu\u00e1lne vzdel\u00e1vacie kurzy - KPMG Business Institute","og_description":"V na\u0161ich vzdel\u00e1vac\u00edch kurzoch vyu\u017e\u00edvame znalosti odborn\u00edkov. Z\u00edskajte rozsiahle vedomosti, podporte svoj profesion\u00e1lny rast a vyberte si z ponuky \u0161kolen\u00ed, ktor\u00e9 pokr\u00fdvaj\u00fa t\u00e9my finan\u010dn\u00e9ho a mana\u017e\u00e9rskeho \u00fa\u010dtovn\u00edctva a mnoh\u00e9 \u010fal\u0161ie.","og_url":"https:\/\/www.business-institute.sk\/en\/open-courses\/","og_site_name":"Business Institute","article_publisher":"https:\/\/www.facebook.com\/kpmgsk\/","article_modified_time":"2025-07-29T08:58:11+00:00","og_image":[{"width":1200,"height":628,"url":"https:\/\/www.business-institute.sk\/wp-content\/uploads\/2023\/03\/kpmg-shareimage.png","type":"image\/png"}],"twitter_card":"summary_large_image","twitter_title":"Aktu\u00e1lne vzdel\u00e1vacie kurzy - KPMG Business Institute","twitter_description":"V na\u0161ich vzdel\u00e1vac\u00edch kurzoch vyu\u017e\u00edvame znalosti odborn\u00edkov. Z\u00edskajte rozsiahle vedomosti, podporte svoj profesion\u00e1lny rast a vyberte si z ponuky \u0161kolen\u00ed, ktor\u00e9 pokr\u00fdvaj\u00fa t\u00e9my finan\u010dn\u00e9ho a mana\u017e\u00e9rskeho \u00fa\u010dtovn\u00edctva a mnoh\u00e9 \u010fal\u0161ie.","schema":{"@context":"https:\/\/schema.org","@graph":[{"@type":"WebPage","@id":"https:\/\/www.business-institute.sk\/en\/open-courses\/","url":"https:\/\/www.business-institute.sk\/en\/open-courses\/","name":"Aktu\u00e1lne vzdel\u00e1vacie kurzy - KPMG Business Institute","isPartOf":{"@id":"https:\/\/www.business-institute.sk\/#website"},"datePublished":"2018-07-25T07:52:28+00:00","dateModified":"2025-07-29T08:58:11+00:00","description":"V na\u0161ich vzdel\u00e1vac\u00edch kurzoch vyu\u017e\u00edvame znalosti odborn\u00edkov. Z\u00edskajte rozsiahle vedomosti, podporte svoj profesion\u00e1lny rast a vyberte si z ponuky \u0161kolen\u00ed, ktor\u00e9 pokr\u00fdvaj\u00fa t\u00e9my finan\u010dn\u00e9ho a mana\u017e\u00e9rskeho \u00fa\u010dtovn\u00edctva a mnoh\u00e9 \u010fal\u0161ie.","breadcrumb":{"@id":"https:\/\/www.business-institute.sk\/en\/open-courses\/#breadcrumb"},"inLanguage":"en-US","potentialAction":[{"@type":"ReadAction","target":["https:\/\/www.business-institute.sk\/en\/open-courses\/"]}]},{"@type":"BreadcrumbList","@id":"https:\/\/www.business-institute.sk\/en\/open-courses\/#breadcrumb","itemListElement":[{"@type":"ListItem","position":1,"name":"Business Institute","item":"https:\/\/www.business-institute.sk\/en\/"},{"@type":"ListItem","position":2,"name":"Open courses"}]},{"@type":"WebSite","@id":"https:\/\/www.business-institute.sk\/#website","url":"https:\/\/www.business-institute.sk\/","name":"Business Institute","description":"","publisher":{"@id":"https:\/\/www.business-institute.sk\/#organization"},"potentialAction":[{"@type":"SearchAction","target":{"@type":"EntryPoint","urlTemplate":"https:\/\/www.business-institute.sk\/?s={search_term_string}"},"query-input":{"@type":"PropertyValueSpecification","valueRequired":true,"valueName":"search_term_string"}}],"inLanguage":"en-US"},{"@type":"Organization","@id":"https:\/\/www.business-institute.sk\/#organization","name":"KPMG Slovensko Advisory, k.s.","url":"https:\/\/www.business-institute.sk\/","logo":{"@type":"ImageObject","inLanguage":"en-US","@id":"https:\/\/www.business-institute.sk\/#\/schema\/logo\/image\/","url":"https:\/\/www.business-institute.sk\/wp-content\/uploads\/2018\/08\/1111kpmg-logo-color-copy.jpg","contentUrl":"https:\/\/www.business-institute.sk\/wp-content\/uploads\/2018\/08\/1111kpmg-logo-color-copy.jpg","width":413,"height":541,"caption":"KPMG Slovensko Advisory, k.s."},"image":{"@id":"https:\/\/www.business-institute.sk\/#\/schema\/logo\/image\/"},"sameAs":["https:\/\/www.facebook.com\/kpmgsk\/","https:\/\/www.linkedin.com\/company\/kpmg-in-slovakia\/","https:\/\/www.instagram.com\/kpmg_sk\/?hl=sk"]}]}},"acf":[],"_links":{"self":[{"href":"https:\/\/www.business-institute.sk\/en\/wp-json\/wp\/v2\/pages\/42091","targetHints":{"allow":["GET"]}}],"collection":[{"href":"https:\/\/www.business-institute.sk\/en\/wp-json\/wp\/v2\/pages"}],"about":[{"href":"https:\/\/www.business-institute.sk\/en\/wp-json\/wp\/v2\/types\/page"}],"author":[{"embeddable":true,"href":"https:\/\/www.business-institute.sk\/en\/wp-json\/wp\/v2\/users\/1"}],"replies":[{"embeddable":true,"href":"https:\/\/www.business-institute.sk\/en\/wp-json\/wp\/v2\/comments?post=42091"}],"version-history":[{"count":0,"href":"https:\/\/www.business-institute.sk\/en\/wp-json\/wp\/v2\/pages\/42091\/revisions"}],"wp:attachment":[{"href":"https:\/\/www.business-institute.sk\/en\/wp-json\/wp\/v2\/media?parent=42091"}],"curies":[{"name":"wp","href":"https:\/\/api.w.org\/{rel}","templated":true}]}}